{"id":31,"date":"2024-01-11T12:03:56","date_gmt":"2024-01-11T12:03:56","guid":{"rendered":"https:\/\/www.moyogrebbin.de\/?page_id=31"},"modified":"2024-01-12T10:55:30","modified_gmt":"2024-01-12T10:55:30","slug":"uber-mich","status":"publish","type":"page","link":"https:\/\/www.moyogrebbin.de\/?page_id=31","title":{"rendered":"\u00dcber mich"},"content":{"rendered":"\n<h2 class=\"wp-block-heading alignwide has-large-font-size\" style=\"padding-top:var(--wp--preset--spacing--60)\">Mein Weg zum Medizinjournalismus<\/h2>\n\n\n\n<div class=\"wp-block-columns alignwide is-layout-flex wp-container-core-columns-layout-1 wp-block-columns-is-layout-flex\">\n<div class=\"wp-block-column is-layout-flow wp-block-column-is-layout-flow\" style=\"flex-basis:100%\">\n<p class=\"has-medium-font-size\">Schon w\u00e4hrend meiner Forschungslaufbahn war es die kritische Auseinandersetzung mit wissenschaftlichen Texten, Literatur und Konzepten, die mir am meisten Spa\u00df machte. Eine berufliche Zukunft in der Wissenschaftskommunikation lag da nahe. So begann ich, w\u00e4hrend meiner PostDoc-Zeit nebenberuflich als Autorin f\u00fcr Medscape Germany zu arbeiten. Diese Erfahrung, das Schreiben der Artikel &#8211; immer erg\u00e4nzt durch hochkar\u00e4tige Expertenmeinungen &#8211; gab f\u00fcr mich den Ausschlag zum kompletten Umstieg.<\/p>\n\n\n\n<p class=\"has-medium-font-size\">Als <strong>Volont\u00e4rin und Redakteurin <\/strong>bei der<strong> Medical Tribune<\/strong> Verlags GmbH (heute MedTriX Group) lernte ich die weitere Palette der Aufgaben in einem Medizinverlag kennen. Nach einer Elternzeit-Pause arbeite ich seit 2024 freiberuflich als Autorin\/Redakteurin.<br>Und auch wenn die Zeit an der Bench immer ferner r\u00fcckt: Nach rund zehn Jahren aktiver Forschung f\u00fchle ich mich auch heute noch ein St\u00fcckweit als Wissenschaftlerin. Ich bin \u00fcberzeugt, diese lange Zeit im Labor hat sich gelohnt, auch f\u00fcr meine jetzige T\u00e4tigkeit. <\/p>\n\n\n\n<p class=\"has-medium-font-size\"><\/p>\n<\/div>\n<\/div>\n","protected":false},"excerpt":{"rendered":"<p>Mein Weg zum Medizinjournalismus Schon w\u00e4hrend meiner Forschungslaufbahn war es die kritische Auseinandersetzung mit wissenschaftlichen Texten, Literatur und Konzepten, die mir am meisten Spa\u00df machte. Eine berufliche Zukunft in der Wissenschaftskommunikation lag da nahe. So begann ich, w\u00e4hrend meiner PostDoc-Zeit nebenberuflich als Autorin f\u00fcr Medscape Germany zu arbeiten. Diese Erfahrung, das Schreiben der Artikel &#8211; [&hellip;]<\/p>\n","protected":false},"author":1,"featured_media":0,"parent":0,"menu_order":0,"comment_status":"closed","ping_status":"closed","template":"page-no-title","meta":{"footnotes":""},"_links":{"self":[{"href":"https:\/\/www.moyogrebbin.de\/index.php?rest_route=\/wp\/v2\/pages\/31"}],"collection":[{"href":"https:\/\/www.moyogrebbin.de\/index.php?rest_route=\/wp\/v2\/pages"}],"about":[{"href":"https:\/\/www.moyogrebbin.de\/index.php?rest_route=\/wp\/v2\/types\/page"}],"author":[{"embeddable":true,"href":"https:\/\/www.moyogrebbin.de\/index.php?rest_route=\/wp\/v2\/users\/1"}],"replies":[{"embeddable":true,"href":"https:\/\/www.moyogrebbin.de\/index.php?rest_route=%2Fwp%2Fv2%2Fcomments&post=31"}],"version-history":[{"count":17,"href":"https:\/\/www.moyogrebbin.de\/index.php?rest_route=\/wp\/v2\/pages\/31\/revisions"}],"predecessor-version":[{"id":154,"href":"https:\/\/www.moyogrebbin.de\/index.php?rest_route=\/wp\/v2\/pages\/31\/revisions\/154"}],"wp:attachment":[{"href":"https:\/\/www.moyogrebbin.de\/index.php?rest_route=%2Fwp%2Fv2%2Fmedia&parent=31"}],"curies":[{"name":"wp","href":"https:\/\/api.w.org\/{rel}","templated":true}]}}