{"id":43,"date":"2024-01-11T12:04:08","date_gmt":"2024-01-11T12:04:08","guid":{"rendered":"https:\/\/www.moyogrebbin.de\/?page_id=43"},"modified":"2026-03-23T22:22:47","modified_gmt":"2026-03-23T22:22:47","slug":"werdegang","status":"publish","type":"page","link":"https:\/\/www.moyogrebbin.de\/?page_id=43","title":{"rendered":"Werdegang"},"content":{"rendered":"\n<div class=\"wp-block-columns alignwide is-layout-flex wp-container-core-columns-layout-1 wp-block-columns-is-layout-flex\">\n<div class=\"wp-block-column is-layout-flow wp-block-column-is-layout-flow\" style=\"flex-basis:100%\">\n<div class=\"wp-block-media-text has-media-on-the-right is-stacked-on-mobile\" style=\"grid-template-columns:auto 32%\"><div class=\"wp-block-media-text__content\">\n<p class=\"has-text-align-center has-large-font-size\">Dr. Britta Moyo Grebbin<\/p>\n\n\n\n<p class=\"has-text-align-center\" style=\"font-size:clamp(0.875rem, 0.875rem + ((1vw - 0.2rem) * 0.542), 1.2rem);\">Diplom Biologin, Dr. rer. nat.<\/p>\n\n\n\n<p class=\"has-text-align-center has-medium-font-size\">E-Mail: kontakt(at)moyogrebbin.de<\/p>\n\n\n\n<p><\/p>\n<\/div><figure class=\"wp-block-media-text__media\"><img loading=\"lazy\" decoding=\"async\" width=\"546\" height=\"398\" src=\"http:\/\/www.moyogrebbin.de\/wp-content\/uploads\/2025\/09\/Bild1.png\" alt=\"\" class=\"wp-image-190 size-full\" srcset=\"https:\/\/www.moyogrebbin.de\/wp-content\/uploads\/2025\/09\/Bild1.png 546w, https:\/\/www.moyogrebbin.de\/wp-content\/uploads\/2025\/09\/Bild1-300x219.png 300w\" sizes=\"(max-width: 546px) 100vw, 546px\" \/><\/figure><\/div>\n\n\n\n<p style=\"font-size:clamp(0.929rem, 0.929rem + ((1vw - 0.2rem) * 0.785), 1.4rem);\"><strong><mark style=\"background-color:rgba(0, 0, 0, 0)\" class=\"has-inline-color has-accent-3-color\">Journalistische und wissenschaftliche Laufbahn<\/mark><\/strong><\/p>\n<\/div>\n<\/div>\n\n\n\n<div class=\"wp-block-columns alignwide is-layout-flex wp-container-core-columns-layout-3 wp-block-columns-is-layout-flex\">\n<div class=\"wp-block-column is-layout-flow wp-block-column-is-layout-flow\" style=\"flex-basis:100%\">\n<div class=\"wp-block-columns is-layout-flex wp-container-core-columns-layout-2 wp-block-columns-is-layout-flex\">\n<div class=\"wp-block-column is-layout-flow wp-block-column-is-layout-flow\" style=\"flex-basis:100%\">\n<p class=\"has-medium-font-size\">seit 2024 freiberufliche Autorin und Redakteurin<\/p>\n\n\n\n<p>2022\/2023: Zweite Elternzeit<\/p>\n\n\n\n<p class=\"has-medium-font-size\">2020 &#8211; 2022 erst Volont\u00e4rin und sp\u00e4ter Junior Redakteurin bei der <strong>Medical Tribune<\/strong> Verlagsgesellschaft mbH (seit 2022 MedTriX GmbH);<br>Fachredaktion f\u00fcr Onkologie und Diabetologie<\/p>\n\n\n\n<p>In 2019 Familiengr\u00fcndung und Elternzeit<\/p>\n\n\n\n<p class=\"has-medium-font-size\">2017 &#8211; 2019 nebenberufliche Autorin f\u00fcr <strong>Medscape<\/strong> Germany<\/p>\n\n\n\n<p class=\"has-medium-font-size\">2015 &#8211; 2019 <strong>Wissenschaftlerin am DKFZ<\/strong> (Deutsches Krebsforschungszentrum Heidelberg); Au\u00dfenstandort Frankfurt am Main (Georg-Speyer-Haus, Institut f\u00fcr Tumorbiologie und Experimentelle Therapie)<br><em>Aufbau einer lebenden Darmkrebs Organoid-Biobank zur Entwicklung neuer personalisierter Behandlungsans\u00e4tze sowie zum Studium von Metastasierung und Therapieresistenz<\/em><\/p>\n\n\n\n<p class=\"has-medium-font-size\">2010 &#8211; 2015 <strong>Promotion<\/strong> am Neurologischen Institut (Edinger-Institut) des Klinikums der Goethe Universit\u00e4t Frankfurt am Main,<br><em>Funktionelle Analyse des Transkriptionsfaktors PBX1 in der adulten murinen Neurogenese.<\/em><br>Note: Sehr gut (magna cum laude)<\/p>\n\n\n\n<p class=\"has-medium-font-size\">2004 &#8211; 2010 <strong>Studium Diplom-Biologie<\/strong>, J. W. Goethe Universit\u00e4t Frankfurt am Main<br><em>Schwerpunkte: Neurobiologie, Genetik, Biophysik<\/em><br>Abschlussnote &#8220;sehr gut&#8221; (1,1)<\/p>\n\n\n\n<p style=\"padding-top:0;padding-bottom:0\"><\/p>\n\n\n\n<p class=\"has-medium-font-size\" style=\"padding-top:var(--wp--preset--spacing--30);padding-bottom:0\"><strong><a href=\"https:\/\/www.moyogrebbin.de\/?page_id=87\">Wissenschaftliche Publikationen<\/a><\/strong><\/p>\n\n\n\n<p><\/p>\n\n\n\n<p class=\"has-medium-font-size\" style=\"padding-top:var(--wp--preset--spacing--30);padding-bottom:0\"><mark style=\"background-color:rgba(0, 0, 0, 0)\" class=\"has-inline-color has-accent-3-color\"><strong>EDV Kenntnisse:<\/strong><\/mark><\/p>\n\n\n\n<ul>\n<li class=\"has-medium-font-size\">Content-Management-Systeme (TYPO3 und WordPress)<\/li>\n\n\n\n<li class=\"has-medium-font-size\">Adobe Illustrator und Photoshop<\/li>\n\n\n\n<li class=\"has-medium-font-size\">Graph Pad Prism<\/li>\n<\/ul>\n<\/div>\n<\/div>\n<\/div>\n<\/div>\n","protected":false},"excerpt":{"rendered":"<p>Dr. Britta Moyo Grebbin Diplom Biologin, Dr. rer. nat. E-Mail: kontakt(at)moyogrebbin.de Journalistische und wissenschaftliche Laufbahn seit 2024 freiberufliche Autorin und Redakteurin 2022\/2023: Zweite Elternzeit 2020 &#8211; 2022 erst Volont\u00e4rin und sp\u00e4ter Junior Redakteurin bei der Medical Tribune Verlagsgesellschaft mbH (seit 2022 MedTriX GmbH);Fachredaktion f\u00fcr Onkologie und Diabetologie In 2019 Familiengr\u00fcndung und Elternzeit 2017 &#8211; 2019 [&hellip;]<\/p>\n","protected":false},"author":1,"featured_media":0,"parent":0,"menu_order":0,"comment_status":"closed","ping_status":"closed","template":"","meta":{"footnotes":"[]"},"_links":{"self":[{"href":"https:\/\/www.moyogrebbin.de\/index.php?rest_route=\/wp\/v2\/pages\/43"}],"collection":[{"href":"https:\/\/www.moyogrebbin.de\/index.php?rest_route=\/wp\/v2\/pages"}],"about":[{"href":"https:\/\/www.moyogrebbin.de\/index.php?rest_route=\/wp\/v2\/types\/page"}],"author":[{"embeddable":true,"href":"https:\/\/www.moyogrebbin.de\/index.php?rest_route=\/wp\/v2\/users\/1"}],"replies":[{"embeddable":true,"href":"https:\/\/www.moyogrebbin.de\/index.php?rest_route=%2Fwp%2Fv2%2Fcomments&post=43"}],"version-history":[{"count":49,"href":"https:\/\/www.moyogrebbin.de\/index.php?rest_route=\/wp\/v2\/pages\/43\/revisions"}],"predecessor-version":[{"id":229,"href":"https:\/\/www.moyogrebbin.de\/index.php?rest_route=\/wp\/v2\/pages\/43\/revisions\/229"}],"wp:attachment":[{"href":"https:\/\/www.moyogrebbin.de\/index.php?rest_route=%2Fwp%2Fv2%2Fmedia&parent=43"}],"curies":[{"name":"wp","href":"https:\/\/api.w.org\/{rel}","templated":true}]}}