{"id":8,"date":"2024-01-11T12:00:50","date_gmt":"2024-01-11T12:00:50","guid":{"rendered":"https:\/\/www.moyogrebbin.de\/?page_id=8"},"modified":"2026-03-23T22:10:20","modified_gmt":"2026-03-23T22:10:20","slug":"herzlich-willkommen","status":"publish","type":"page","link":"https:\/\/www.moyogrebbin.de\/","title":{"rendered":"Herzlich Willkommen!"},"content":{"rendered":"\n<div class=\"wp-block-columns alignwide is-layout-flex wp-container-core-columns-layout-1 wp-block-columns-is-layout-flex\">\n<div class=\"wp-block-column is-layout-flow wp-block-column-is-layout-flow\" style=\"flex-basis:100%\">\n<h2 class=\"wp-block-heading has-text-align-center\" style=\"font-size:clamp(1.039rem, 1.039rem + ((1vw - 0.2rem) * 0.935), 1.6rem);\">Sie suchen medizinische Fachtexte oder redaktionelle Unterst\u00fctzung? <\/h2>\n\n\n\n<h2 class=\"wp-block-heading has-text-align-center\" style=\"font-size:clamp(1.039rem, 1.039rem + ((1vw - 0.2rem) * 0.935), 1.6rem);\">Hier sind Sie richtig.<\/h2>\n\n\n\n<div class=\"wp-block-media-text is-stacked-on-mobile is-vertically-aligned-top\" style=\"grid-template-columns:33% auto\"><figure class=\"wp-block-media-text__media\"><img loading=\"lazy\" decoding=\"async\" width=\"647\" height=\"1024\" src=\"http:\/\/www.moyogrebbin.de\/wp-content\/uploads\/2026\/01\/A7409986-BearbeitetCopyright-647x1024.png\" alt=\"\" class=\"wp-image-205 size-full\" srcset=\"https:\/\/www.moyogrebbin.de\/wp-content\/uploads\/2026\/01\/A7409986-BearbeitetCopyright-647x1024.png 647w, https:\/\/www.moyogrebbin.de\/wp-content\/uploads\/2026\/01\/A7409986-BearbeitetCopyright-189x300.png 189w, https:\/\/www.moyogrebbin.de\/wp-content\/uploads\/2026\/01\/A7409986-BearbeitetCopyright-768x1216.png 768w, https:\/\/www.moyogrebbin.de\/wp-content\/uploads\/2026\/01\/A7409986-BearbeitetCopyright-970x1536.png 970w, https:\/\/www.moyogrebbin.de\/wp-content\/uploads\/2026\/01\/A7409986-BearbeitetCopyright-1293x2048.png 1293w, https:\/\/www.moyogrebbin.de\/wp-content\/uploads\/2026\/01\/A7409986-BearbeitetCopyright.png 1580w\" sizes=\"(max-width: 647px) 100vw, 647px\" \/><\/figure><div class=\"wp-block-media-text__content\">\n<p>&nbsp;<\/p>\n<p class=\"has-medium-font-size\">Als freie Medizin- und Wissenschaftsjournalistin schreibe ich gerne entsprechende Beitr\u00e4ge f\u00fcr Sie. Mein thematischer Schwerpunkt ist die Onkologie. Nat\u00fcrlich \u00fcbernehme ich aber auch sonstige medizinische oder naturwissenschaftliche Themen. Ob Texte f\u00fcr \u00c4rzt:innen, Patient:innen oder die \u00d6ffentlichkeit, richten Sie sich gerne mit Ihrem pers\u00f6nlichen Anliegen an mich. Meine Leistungen umfassen unter anderem:<\/p>\n<ul>\n<li>Sprachlich gute und verst\u00e4ndliche Texte zu komplexen Themen<\/li>\n<li>Kongress- und Literaturberichte, Interviews und weitere Formate<\/li>\n<li>Redigieren und andere Redaktionsaufgaben<\/li>\n<\/ul>\n<p class=\"has-medium-font-size\">Interessiert? Dann freue ich mich, wenn Sie mir schreiben:<\/p>\n<p class=\"has-medium-font-size\">E-Mail: <strong><a href=\"mailto:kontakt@moyogrebbin.de\">kontakt(at)moyogrebbin.de<\/a><\/strong><\/p>\n<\/div><\/div>\n<\/div>\n<\/div>\n\n\n\n<div class=\"wp-block-columns alignwide is-layout-flex wp-container-core-columns-layout-2 wp-block-columns-is-layout-flex\">\n<div class=\"wp-block-column is-layout-flow wp-block-column-is-layout-flow\" style=\"flex-basis:100%\">\n<p>Beispielartikel:<\/p>\n\n\n\n<ul>\n<li><a href=\"https:\/\/www.medical-tribune.de\/medizin-und-forschung\/artikel\/liebe-ki-bitte-erfinde-patientinnen\">Liebe KI, bitte erfinde Patient:innen!<\/a> (Kongressbericht)<\/li>\n\n\n\n<li><a href=\"http:\/\/www.moyogrebbin.de\/wp-content\/uploads\/2026\/01\/2025_KKJ_S1_merged.pdf\">Kongresswissen von A wie Atopie bis Z wie Zytomegalie<\/a> (Kongressbericht)<\/li>\n\n\n\n<li><a href=\"https:\/\/www.medical-tribune.de\/medizin-und-forschung\/artikel\/ein-lebensende-ohne-hektik-im-umfeld-moderner-onkologie\">Ein Lebensende ohne Hektik im Umfeld moderner Onkologie<\/a> (Interview)<\/li>\n\n\n\n<li><a href=\"http:\/\/www.moyogrebbin.de\/wp-content\/uploads\/2026\/01\/Zu-Gast-in-der-mobilen-Praxis-von-.-mozahm.pdf\">Zu Gast in der mobilen Praxis von Vapula Haukongo<\/a> (Portr\u00e4t einer mobilen Zahnarztpraxis, Springer Medizin-Verlag, Die junge Zahnmedizin 01\/2026, S. 54-60)<\/li>\n\n\n\n<li><a href=\"https:\/\/www.aerztezeitung.de\/Medizin\/Gehirn-Computer-Schnittstelle-laesst-45-Jaehrigen-wieder-sprechen-452011.html\">Gehirn-Computer-Schnittstelle l\u00e4sst 45-J\u00e4hrigen wieder \u201esprechen\u201c<\/a> (Literaturbericht)<\/li>\n\n\n\n<li><a href=\"https:\/\/www.journalhaema.de\/spotlight\/vexas-ausloesende-uba1-mutationen-kanonische-und-nicht-kanonische-varianten-im-vergleich\/rx:true\">VEXAS-ausl\u00f6sende UBA1-Mutationen: Kanonische und nicht-kanonische Varianten im Vergleich<\/a> (Literaturreferat)<\/li>\n<\/ul>\n<\/div>\n<\/div>\n\n\n\n<div class=\"wp-block-columns alignwide is-layout-flex wp-container-core-columns-layout-3 wp-block-columns-is-layout-flex\">\n<div class=\"wp-block-column is-layout-flow wp-block-column-is-layout-flow\" style=\"flex-basis:100%\">\n<p class=\"has-medium-font-size\" style=\"padding-top:var(--wp--preset--spacing--20)\">Weitere Arbeitsproben von mir finden Sie z.B. auf den Seiten:<br><a href=\"https:\/\/www.journalonko.de\/autoren\/dr-rer-nat-moyo-grebbin\">www.journalonko.de<\/a><br><a href=\"https:\/\/www.medical-tribune.de\/autoren\/dr-moyo-grebbin\">www.medical-tribune.de<\/a><br><a href=\"https:\/\/www.aerztezeitung.de\/Nachrichten\/Dr-Moyo-Grebbin-au131454.html\">www.aerztezeitung.de<\/a><br><br>Auf Anfrage sende ich Ihnen gerne auch weitere PDF-Dateien zu.<\/p>\n<\/div>\n<\/div>\n","protected":false},"excerpt":{"rendered":"<p>Sie suchen medizinische Fachtexte oder redaktionelle Unterst\u00fctzung? Hier sind Sie richtig. &nbsp; Als freie Medizin- und Wissenschaftsjournalistin schreibe ich gerne entsprechende Beitr\u00e4ge f\u00fcr Sie. Mein thematischer Schwerpunkt ist die Onkologie. Nat\u00fcrlich \u00fcbernehme ich aber auch sonstige medizinische oder naturwissenschaftliche Themen. Ob Texte f\u00fcr \u00c4rzt:innen, Patient:innen oder die \u00d6ffentlichkeit, richten Sie sich gerne mit Ihrem pers\u00f6nlichen [&hellip;]<\/p>\n","protected":false},"author":1,"featured_media":0,"parent":0,"menu_order":0,"comment_status":"closed","ping_status":"closed","template":"","meta":{"footnotes":""},"_links":{"self":[{"href":"https:\/\/www.moyogrebbin.de\/index.php?rest_route=\/wp\/v2\/pages\/8"}],"collection":[{"href":"https:\/\/www.moyogrebbin.de\/index.php?rest_route=\/wp\/v2\/pages"}],"about":[{"href":"https:\/\/www.moyogrebbin.de\/index.php?rest_route=\/wp\/v2\/types\/page"}],"author":[{"embeddable":true,"href":"https:\/\/www.moyogrebbin.de\/index.php?rest_route=\/wp\/v2\/users\/1"}],"replies":[{"embeddable":true,"href":"https:\/\/www.moyogrebbin.de\/index.php?rest_route=%2Fwp%2Fv2%2Fcomments&post=8"}],"version-history":[{"count":53,"href":"https:\/\/www.moyogrebbin.de\/index.php?rest_route=\/wp\/v2\/pages\/8\/revisions"}],"predecessor-version":[{"id":227,"href":"https:\/\/www.moyogrebbin.de\/index.php?rest_route=\/wp\/v2\/pages\/8\/revisions\/227"}],"wp:attachment":[{"href":"https:\/\/www.moyogrebbin.de\/index.php?rest_route=%2Fwp%2Fv2%2Fmedia&parent=8"}],"curies":[{"name":"wp","href":"https:\/\/api.w.org\/{rel}","templated":true}]}}