{"id":87,"date":"2024-01-11T13:08:35","date_gmt":"2024-01-11T13:08:35","guid":{"rendered":"https:\/\/www.moyogrebbin.de\/?page_id=87"},"modified":"2024-01-12T11:04:12","modified_gmt":"2024-01-12T11:04:12","slug":"wissenschaftliche-publikationen","status":"publish","type":"page","link":"https:\/\/www.moyogrebbin.de\/?page_id=87","title":{"rendered":"Wissenschaftliche Publikationen"},"content":{"rendered":"\n<div class=\"wp-block-columns alignwide is-not-stacked-on-mobile is-layout-flex wp-container-core-columns-layout-1 wp-block-columns-is-layout-flex\">\n<div class=\"wp-block-column is-layout-flow wp-block-column-is-layout-flow\" style=\"flex-basis:100%\">\n<p class=\"has-small-font-size\" style=\"padding-top:var(--wp--preset--spacing--20)\"><strong>Colorectal Cancer Organoid-Stroma Biobank Allows Subtype-Specific Assessment of Individualized Therapy Responses<\/strong><br>Henner F Farin, Mohammed H Mosa #, Benardina Ndreshkjana #, <strong>Britta M Grebbin<\/strong> #, Birgit Ritter #, Constantin Menche, Kilian B Kennel, Paul K Ziegler, Lili Szab\u00f3, Julia Bollrath, Dietmar Rieder, Birgitta E Michels, Alena Kress, M\u00fcge Bozlar, Tahmineh Darvishi, Sara Stier, Ivan-Maximilano Kur, Katrin Bankov, Rebecca Kesselring, Stefan Fichtner-Feigl, Bernhard Br\u00fcne, Thorsten O Goetze, Salah-Eddin Al-Batran, Christian H Brandts, Wolf O Bechstein, Peter J Wild, Andreas Weigert, Susanne M\u00fcller, Stefan Knapp, Zlatko Trajanoski, Florian R Greten. (# contributed equally)<br>Cancer Discov. 2023 Oct 5;13(10):2192-2211; doi: 10.1158\/2159-8290.CD-23-0050<\/p>\n\n\n\n<p class=\"has-small-font-size\" style=\"padding-top:var(--wp--preset--spacing--20)\"><strong>Conformation-specific inhibitors of activated Ras GTPases reveal limited Ras dependency of patient-derived cancer organoids<\/strong><br>Svenja Wiechmann, Pierre Maisonneuve, <strong>Britta M Grebbin<\/strong>, Meike Hoffmeister, Manuel Kaulich, Hans Clevers, Krishnaraj Rajalingam, Igor Kurinov, Henner F Farin, Frank Sicheri, Andreas Ernst<br>J Biol Chem. 2020 Apr 3;295(14):4526-4540; doi: 10.1074\/jbc.RA119.011025<\/p>\n\n\n\n<p class=\"has-small-font-size\" style=\"padding-top:var(--wp--preset--spacing--20)\"><strong>Human colon organoids reveal distinct physiologic and oncogenic Wnt responses<\/strong><br>Michels BE, Mosa MH, <strong>Grebbin BM<\/strong>, Yepes D, Darvishi T, Hausmann J, Urlaub H, Zeuzem S, Kvasnicka HM, Oellerich T, Farin HF.<br>J Exp Med. 2019 Mar 4;216(3):704-720; doi: 10.1084\/jem.20180823<\/p>\n\n\n\n<p class=\"has-small-font-size\" style=\"padding-top:var(--wp--preset--spacing--20)\"><strong>Arginin-methylation regulates MEIS2 subcellular localization to modulate neuronal differentiation of adult SVZ progenitors<\/strong><br>Schramm J, Anders-Maurer M, <strong>Grebbin BM<\/strong>, Hau AC, Kallenborn-Gerhardt W, Behrends C and Schulte D.<br>Stem Cell Reports. 2018 Apr 10;10(4):1184-1192; doi: 10.1016\/j.stemcr.2018.03.010<\/p>\n\n\n\n<p class=\"has-small-font-size\" style=\"padding-top:var(--wp--preset--spacing--20)\"><strong>MEIS homeodomain proteins facilitate PARP1\/ARTD1-mediated eviction of histone H1<\/strong><br>Hau AC, <strong>Grebbin BM<\/strong>, Agoston Z, Anders-Maurer M, M\u00fcller T, Gro\u00df A, Kolb J, Langer JD, D\u00f6ring C, Schulte D.<br>J Cell Biol. 2017 Sep 4;216(9):2715-2729; doi: 10.1083\/jcb.201701154<\/p>\n\n\n\n<p class=\"has-small-font-size\" style=\"padding-top:var(--wp--preset--spacing--20)\"><strong>Astrocytic Calcium Waves Signal Brain Injury to Neural Stem and Progenitor Cells<\/strong><br>Kraft A, Jubal ER, von Laer R, D\u00f6ring C, Rocha A, <strong>Grebbin M<\/strong>, Zenke M, Kettenmann H, Stroh A, Momma S.<br>Stem Cell Reports. 2017 Mar 14;8(3):701-714; doi: 10.1016\/j.stemcr.2017.01.009<\/p>\n\n\n\n<p class=\"has-small-font-size\" style=\"padding-top:var(--wp--preset--spacing--20)\"><strong>PBX1 as Pioneer Factor: A Case Still Open<\/strong><br><strong>Grebbin BM<\/strong>, Schulte D.<br>Front Cell Dev Biol. 2017 Feb 14;5:9; doi: 10.3389\/fcell.2017.00009<\/p>\n\n\n\n<p class=\"has-small-font-size\" style=\"padding-top:var(--wp--preset--spacing--20)\"><strong>YAP-IL-6ST autoregulatory loop activated on APC loss controls colonic tumorigenesis<\/strong><br>Taniguchi K, Moroishi T, de Jong PR, Krawczyk M, <strong>Grebbin BM<\/strong>, Luo H, Xu RH, Golob-Schwarzl N, Schweiger C, Wang K, Di Caro G, Feng Y, Fearon ER, Raz E, Kenner L, Farin HF, Guan KL, Haybaeck J, Datz C, Zhang K, Karin M.<br>Proc Natl Acad Sci U S A. 2017 Feb 14;114(7):1643-1648; doi:10.1073\/pnas.1620290114<\/p>\n\n\n\n<p class=\"has-small-font-size\" style=\"padding-top:var(--wp--preset--spacing--20)\"><strong>Pbx1 is required for adult subventricular zone neurogenesis<\/strong><br><strong>Grebbin BM<\/strong>, Hau AC, Gro\u00df A, Anders-Maurer M, Schramm J, Koss M, Wille C, Mittelbronn M, Selleri L and Schulte D.<br>Development, 2016 Jul;143(13):2298-91; doi: 10.1242\/dev.128033<\/p>\n\n\n\n<p class=\"has-small-font-size\" style=\"padding-top:var(--wp--preset--spacing--20)\"><strong>Meis2 is a Pax6 co-factor in neurogenesis and dopaminergic periglomerular fate specification in the adult olfactory bulb<\/strong><br>Agoston Z<em>, <\/em>Heine P, Brill MS, <strong>Grebbin BM<\/strong>, Hau AC, Kallenborn-Gerhardt W, Schramm J, G\u00f6tz M, Schulte D.; <em>.(<\/em>joint first author)<br>Development, 2014 Jan;141(1):28-38; doi: 10.1242\/dev.097295<\/p>\n<\/div>\n<\/div>\n","protected":false},"excerpt":{"rendered":"<p>Colorectal Cancer Organoid-Stroma Biobank Allows Subtype-Specific Assessment of Individualized Therapy ResponsesHenner F Farin, Mohammed H Mosa #, Benardina Ndreshkjana #, Britta M Grebbin #, Birgit Ritter #, Constantin Menche, Kilian B Kennel, Paul K Ziegler, Lili Szab\u00f3, Julia Bollrath, Dietmar Rieder, Birgitta E Michels, Alena Kress, M\u00fcge Bozlar, Tahmineh Darvishi, Sara Stier, Ivan-Maximilano Kur, Katrin [&hellip;]<\/p>\n","protected":false},"author":1,"featured_media":0,"parent":0,"menu_order":0,"comment_status":"closed","ping_status":"closed","template":"","meta":{"footnotes":""},"_links":{"self":[{"href":"https:\/\/www.moyogrebbin.de\/index.php?rest_route=\/wp\/v2\/pages\/87"}],"collection":[{"href":"https:\/\/www.moyogrebbin.de\/index.php?rest_route=\/wp\/v2\/pages"}],"about":[{"href":"https:\/\/www.moyogrebbin.de\/index.php?rest_route=\/wp\/v2\/types\/page"}],"author":[{"embeddable":true,"href":"https:\/\/www.moyogrebbin.de\/index.php?rest_route=\/wp\/v2\/users\/1"}],"replies":[{"embeddable":true,"href":"https:\/\/www.moyogrebbin.de\/index.php?rest_route=%2Fwp%2Fv2%2Fcomments&post=87"}],"version-history":[{"count":8,"href":"https:\/\/www.moyogrebbin.de\/index.php?rest_route=\/wp\/v2\/pages\/87\/revisions"}],"predecessor-version":[{"id":135,"href":"https:\/\/www.moyogrebbin.de\/index.php?rest_route=\/wp\/v2\/pages\/87\/revisions\/135"}],"wp:attachment":[{"href":"https:\/\/www.moyogrebbin.de\/index.php?rest_route=%2Fwp%2Fv2%2Fmedia&parent=87"}],"curies":[{"name":"wp","href":"https:\/\/api.w.org\/{rel}","templated":true}]}}