{"id":93,"date":"2024-01-11T12:02:01","date_gmt":"2024-01-11T12:02:01","guid":{"rendered":"https:\/\/www.moyogrebbin.de\/?page_id=93"},"modified":"2026-03-23T23:04:26","modified_gmt":"2026-03-23T23:04:26","slug":"impressum","status":"publish","type":"page","link":"https:\/\/www.moyogrebbin.de\/?page_id=93","title":{"rendered":"Impressum"},"content":{"rendered":"\n<div class=\"wp-block-columns alignwide is-layout-flex wp-container-core-columns-layout-1 wp-block-columns-is-layout-flex\">\n<div class=\"wp-block-column is-layout-flow wp-block-column-is-layout-flow\" style=\"flex-basis:100%\">\n<p class=\"has-medium-font-size\">Verantwortlich nach \u00a75 des Telemediengesetzes (TDG)<br>f\u00fcr die Inhalte der Domain www.moyogrebbin.de:<br><br>Dr. Britta Moyo Grebbin<br>Tiroler Str. 14<br>60596 Frankfurt am Main<br><br>Mail: kontakt(at)moyogrebbin.de<\/p>\n\n\n\n<p><br>HAFTUNG UND GEW\u00c4HR<br>Die Betreiberin, Wissenschaftsjournalistin Dr. Moyo Grebbin, \u00fcbernimmt trotz sorgf\u00e4ltiger Pflege keine Gew\u00e4hr oder Haftung f\u00fcr die Richtigkeit, Vollst\u00e4ndigkeit und Aktualit\u00e4t der ver\u00f6ffentlichten Inhalte. F\u00fcr verbindliche Informationen nehmen Sie bitte direkt mit der Betreiberin Kontakt auf. Alle Verweise (Links) zu anderen Webseiten stellen eine freundliche Empfehlung dar. F\u00fcr die Inhalte der extern verkn\u00fcpften Internetseiten ist stets der jeweilige Anbieter oder Betreiber verantwortlich.<\/p>\n\n\n\n<p style=\"padding-top:var(--wp--preset--spacing--20)\">URHEBERRECHT<br>Alle hier gezeigten Inhalte in Text- und Bildform unterliegen dem deutschen Urheberrecht. Die Vervielf\u00e4ltigung, Bearbeitung, Verbreitung, und jede Art der Verwertung bed\u00fcrfen der schriftlichen Zustimmung des jeweiligen Urhebers. Eine Verwendung ohne ausdr\u00fcckliche Genehmigung stellt einen Rechtsversto\u00df dar und kann kostenpflichtig abgemahnt werden. Alle Texte sind, sofern nicht gesondert als Beitr\u00e4ge Dritter gekennzeichnet, urheberrechtliches Eigentum von Dr. Moyo Grebbin.<\/p>\n<\/div>\n<\/div>\n","protected":false},"excerpt":{"rendered":"<p>Verantwortlich nach \u00a75 des Telemediengesetzes (TDG)f\u00fcr die Inhalte der Domain www.moyogrebbin.de: Dr. Britta Moyo GrebbinTiroler Str. 1460596 Frankfurt am Main Mail: kontakt(at)moyogrebbin.de HAFTUNG UND GEW\u00c4HRDie Betreiberin, Wissenschaftsjournalistin Dr. Moyo Grebbin, \u00fcbernimmt trotz sorgf\u00e4ltiger Pflege keine Gew\u00e4hr oder Haftung f\u00fcr die Richtigkeit, Vollst\u00e4ndigkeit und Aktualit\u00e4t der ver\u00f6ffentlichten Inhalte. F\u00fcr verbindliche Informationen nehmen Sie bitte direkt mit [&hellip;]<\/p>\n","protected":false},"author":1,"featured_media":0,"parent":0,"menu_order":0,"comment_status":"closed","ping_status":"closed","template":"","meta":{"footnotes":""},"_links":{"self":[{"href":"https:\/\/www.moyogrebbin.de\/index.php?rest_route=\/wp\/v2\/pages\/93"}],"collection":[{"href":"https:\/\/www.moyogrebbin.de\/index.php?rest_route=\/wp\/v2\/pages"}],"about":[{"href":"https:\/\/www.moyogrebbin.de\/index.php?rest_route=\/wp\/v2\/types\/page"}],"author":[{"embeddable":true,"href":"https:\/\/www.moyogrebbin.de\/index.php?rest_route=\/wp\/v2\/users\/1"}],"replies":[{"embeddable":true,"href":"https:\/\/www.moyogrebbin.de\/index.php?rest_route=%2Fwp%2Fv2%2Fcomments&post=93"}],"version-history":[{"count":10,"href":"https:\/\/www.moyogrebbin.de\/index.php?rest_route=\/wp\/v2\/pages\/93\/revisions"}],"predecessor-version":[{"id":231,"href":"https:\/\/www.moyogrebbin.de\/index.php?rest_route=\/wp\/v2\/pages\/93\/revisions\/231"}],"wp:attachment":[{"href":"https:\/\/www.moyogrebbin.de\/index.php?rest_route=%2Fwp%2Fv2%2Fmedia&parent=93"}],"curies":[{"name":"wp","href":"https:\/\/api.w.org\/{rel}","templated":true}]}}